{"id":115,"date":"2012-08-20T13:59:01","date_gmt":"2012-08-20T11:59:01","guid":{"rendered":"http:\/\/sozpt.fyi.sk\/?page_id=115"},"modified":"2019-01-24T22:27:34","modified_gmt":"2019-01-24T20:27:34","slug":"o-nas","status":"publish","type":"page","link":"https:\/\/www.sozpt.sk\/","title":{"rendered":"O n\u00e1s"},"content":{"rendered":"<h4 style=\"text-align: center;\">Vznik Slovensk\u00e9ho odborov\u00e9ho zv\u00e4zu p\u00f4\u0161t a telekomunik\u00e1ci\u00ed (SOZ PT)<\/h4>\n<p>V d\u0148och 29. &#8211; 30. 1. 1990 sa konal mimoriadny Zjazd pracovn\u00edkov spojov v Kol\u00edne a v Kutnej Hore. Nedo\u0161lo k dohode vytvorenia dvoch samostatn\u00fdch zv\u00e4zov.<br \/>Vznikla \u010cesk\u00e1 a Slovensk\u00e1 komora s pomern\u00fdm zast\u00fapen\u00edm, bez pr\u00e1vnej subjektivity a pr\u00e1va samostatne rozhodova\u0165.<br \/>Neust\u00e1le otv\u00e1ranie kompeten\u010dn\u00fdch a majetkov\u00fdch sporov, nutnos\u0165 vypracov\u00e1vania oponent\u00far k nov\u00fdm z\u00e1konom, organiza\u010dn\u00fdm \u0161trukt\u00faram, boli predmetom pre po\u017eadovanie pr\u00e1vnej subjektivity pre Slovensk\u00fa komoru FOZ.<br \/>Na riadnom zjazde v Plzni 15.-16.6.1991 po\u017eiadalo 47 deleg\u00e1tov s 15 794 \u010dlenmi o vyst\u00fapenie z FOZ pracovn\u00edkov spojov. \u010ealej na samostatnom rokovan\u00ed prerokovali potrebn\u00e9 materi\u00e1ly na zalo\u017eenie zv\u00e4zu.<\/p>\n<p>Zjazd pokra\u010doval v d\u0148och 10. &#8211; 11. 7. 1991 v Bratislave. D\u00e1tum 10. 7. 1991 je zap\u00edsan\u00fd ako &#8222;De\u0148 vzniku Slovensk\u00e9ho odborov\u00e9ho zv\u00e4zu p\u00f4\u0161t, telekomunik\u00e1ci\u00ed a r\u00e1diokomunik\u00e1ci\u00ed.&#8220;<\/p>\n<p>Zhodou okolnost\u00ed vl\u00e1da Slovenskej republiky v tento de\u0148 schv\u00e1lila vznik Ministerstva dopravy a spojov Slovenskej republiky.<\/p>\n<p>Hlavn\u00fdmi cie\u013emi zv\u00e4zu bolo dodr\u017eiavanie demokratick\u00fdch princ\u00edpov v zmysle deklar\u00e1cie OSN 2 200 o ob\u010dianskych a politick\u00fdch pr\u00e1vach, ktor\u00e9 \u010cS. \u0161t\u00e1t ratifikoval 7.10.1968. Bolo to predzves\u0165ou vzniku samostatnej zvrchovanosti Slovenskej republiky, ktor\u00e1 vznikla 1.1.1993.<br \/>Hist\u00f3ria uk\u00e1zala, \u017ee novovzniknut\u00fd Slovensk\u00fd odborov\u00fd zv\u00e4z p\u00f4\u0161t a telekomunik\u00e1ci\u00ed bol dobrou cestou pre zamestnancov, ktor\u00fdch obhajoval v pracovnopr\u00e1vnych z\u00e1le\u017eitostiach a v oblasti soci\u00e1lnych ist\u00f4t.<br \/>V samotnom za\u010diatku \u010dinnosti zv\u00e4zu to boli predov\u0161etk\u00fdm zamestnanci Spojov, n\u00e1sledne rozdelen\u00fdch na po\u0161tu a telekomunik\u00e1cie, zamestnancov R\u00e1diokomunik\u00e1ci\u00ed, Po\u0161tovej novinovej slu\u017eby, Telekomunika\u010dn\u00e9ho \u00faradu a OUS v Bratislave.<br \/>Na\u0161lo sa i ve\u013ea oponentov, ktor\u00ed spochyb\u0148ovali vznik zv\u00e4zu, pri\u0161li i nedorozumenia a rozdielnos\u0165 v n\u00e1zoroch medzi vlastn\u00fdmi funkcion\u00e1rmi.\u00a0<br \/>Cez v\u0161etky \u00faskalia funkcion\u00e1ri zv\u00e4zu a dobrovo\u013en\u00ed funkcion\u00e1ri riaden\u00ed predstavite\u013emi zv\u00e4zu prekonali prek\u00e1\u017eky a zabezpe\u010dili \u010dinnos\u0165 zv\u00e4zu a\u017e do dne\u0161n\u00fdch dn\u00ed, predov\u0161etk\u00fdm pre \u010dlenov zv\u00e4zu, ktor\u00ed uveden\u00fa \u010dinnos\u0165 pri obhajovan\u00ed svojich pr\u00e1v potrebuj\u00fa azda e\u0161te viac, ako v samotn\u00fdch za\u010diatkoch zv\u00e4zu.<br \/>Postupne sa menili organiz\u00e1cie, v ktor\u00fdch sme mali \u010dlenov odborov, menila sa \u0161trukt\u00fara zv\u00e4zu a tie\u017e p\u00f4vodn\u00fd n\u00e1zov na dne\u0161n\u00fd.<br \/>S\u00fa\u010dasne so zmenami v \u0161trukt\u00fare odborov\u00e9ho zv\u00e4zu prich\u00e1dzali nov\u00e9 po\u017eiadavky, v s\u00favislosti so zmenou in\u0161tit\u00facii, v ktor\u00fdch pracovali zamestnanci \u010dlenovia n\u00e1\u0161ho zv\u00e4zu, menil sa a prisp\u00f4soboval program a ciele zv\u00e4zu, v\u017edy k potreb\u00e1m \u010dlenov.<br \/>Pri\u0161li nov\u00ed funkcion\u00e1ri, nov\u00e9 n\u00e1zory \u010dlenov a funkcion\u00e1rov, h\u013eadali sa nov\u00e9 cesty. O \u010dinnosti a smerovan\u00ed rozhoduj\u00fa \u010dlenovia, n\u00e1sledne na svojich rokovaniach funkcion\u00e1ri a org\u00e1ny zv\u00e4zu.<br \/>V posledn\u00fdch rokoch je na\u0161a pr\u00e1ca a \u010dinnos\u0165 zameran\u00e1 v\u00fdlu\u010dne na \u010dinnos\u0165 v prospech \u010dlenov n\u00e1\u0161ho zv\u00e4zu, p\u00f4sob\u00edme demokraticky a apoliticky.<\/p>\n<p>Na \u010dele Slovensk\u00e9ho odborov\u00e9ho zv\u00e4zu p\u00f4\u0161t a telekomunik\u00e1cii postupne p\u00f4sobili:\u00a0 Vladim\u00edr Zeman, Milada Dobrotkov\u00e1, J\u00e1n Martinovi\u010d a v poslednom obdob\u00ed, presnej\u0161ie od 15.10.2006\u00a0 Milan Brlej.<\/p>\n<p>Slovensk\u00fd odborov\u00fd zv\u00e4z p\u00f4\u0161t a telekomunik\u00e1ci\u00ed je v s\u00fa\u010dasnosti \u010dlenom:<br \/>Konfeder\u00e1cie odborov\u00fdch zv\u00e4zov SR (KOZ SR), Asoci\u00e1cie odb. zv\u00e4zov dopravy p\u00f4\u0161t a telekomunik\u00e1cii, nadn\u00e1rodnej eur\u00f3pskej organiz\u00e1cii EUROFEDOP.<\/p>\n<p>Zastupujeme zamestnancov v spolo\u010dnostiach:<br \/>Slovak Telekom, a.s.<br \/>Slovensk\u00e1 po\u0161ta, a.s.<br \/>Towercom, a.s.<br \/>Strabag, PFS s.r.o.<\/p>\n\n\n<p><\/p>\n","protected":false},"excerpt":{"rendered":"<p>Vznik Slovensk\u00e9ho odborov\u00e9ho zv\u00e4zu p\u00f4\u0161t a telekomunik\u00e1ci\u00ed (SOZ PT) V d\u0148och 29. &#8211; 30. 1. 1990 sa konal mimoriadny Zjazd pracovn\u00edkov spojov v Kol\u00edne a v Kutnej Hore. Nedo\u0161lo k dohode vytvorenia dvoch samostatn\u00fdch zv\u00e4zov.Vznikla \u010cesk\u00e1 a Slovensk\u00e1 komora s pomern\u00fdm zast\u00fapen\u00edm, bez pr\u00e1vnej subjektivity a pr\u00e1va samostatne rozhodova\u0165.Neust\u00e1le otv\u00e1ranie kompeten\u010dn\u00fdch a majetkov\u00fdch sporov, nutnos\u0165 <a href='https:\/\/www.sozpt.sk\/' class='excerpt-more'>[&#8230;]<\/a><\/p>\n","protected":false},"author":1,"featured_media":0,"parent":0,"menu_order":0,"comment_status":"closed","ping_status":"closed","template":"","meta":[],"_links":{"self":[{"href":"https:\/\/www.sozpt.sk\/index.php?rest_route=\/wp\/v2\/pages\/115"}],"collection":[{"href":"https:\/\/www.sozpt.sk\/index.php?rest_route=\/wp\/v2\/pages"}],"about":[{"href":"https:\/\/www.sozpt.sk\/index.php?rest_route=\/wp\/v2\/types\/page"}],"author":[{"embeddable":true,"href":"https:\/\/www.sozpt.sk\/index.php?rest_route=\/wp\/v2\/users\/1"}],"replies":[{"embeddable":true,"href":"https:\/\/www.sozpt.sk\/index.php?rest_route=%2Fwp%2Fv2%2Fcomments&post=115"}],"version-history":[{"count":8,"href":"https:\/\/www.sozpt.sk\/index.php?rest_route=\/wp\/v2\/pages\/115\/revisions"}],"predecessor-version":[{"id":321,"href":"https:\/\/www.sozpt.sk\/index.php?rest_route=\/wp\/v2\/pages\/115\/revisions\/321"}],"wp:attachment":[{"href":"https:\/\/www.sozpt.sk\/index.php?rest_route=%2Fwp%2Fv2%2Fmedia&parent=115"}],"curies":[{"name":"wp","href":"https:\/\/api.w.org\/{rel}","templated":true}]}}