{"id":53,"date":"2012-08-19T21:38:30","date_gmt":"2012-08-19T19:38:30","guid":{"rendered":"http:\/\/sozpt.fyi.sk\/?page_id=53"},"modified":"2024-12-12T20:33:55","modified_gmt":"2024-12-12T18:33:55","slug":"plenum-sozpt","status":"publish","type":"page","link":"https:\/\/www.sozpt.sk\/?page_id=53","title":{"rendered":"Pl\u00e9num SOZPT"},"content":{"rendered":"\n<figure class=\"wp-block-table\"><table><tbody><tr><td>ZO \u010d. 17<\/td><td>Milan Brlej<\/td><td>Predseda SOZ PT<\/td><td>0903 771 326<br \/>02 4425 4101<br \/>sozpt@outlook.com<\/td><\/tr><tr><td>ZO \u010d. 17<\/td><td>Viola Csibov\u00e1<\/td><td>ST, a.s.<\/td><td>0903 408334<br \/>viola.csibova@telekom.sk<\/td><\/tr><tr><td>ZO \u010d. 17<\/td><td>Mari\u00e1n Bo\u0161ansk\u00fd<\/td><td>ST, a.s.<\/td><td>0903 728 486<br \/>marian.bosansky@telekom.sk<\/td><\/tr><tr><td>ZO \u010d. 12<\/td><td>Miroslava Mrennov\u00e1<\/td><td>ST, a.s.<\/td><td>0914 700 770<br \/>miroslava.mrennova@telekom.sk<\/td><\/tr><tr><td>ZO \u010d. 17<\/td><td>Martin Morav\u010d\u00edk<\/td><td>ST, a.s.<\/td><td>0902 719 875<br \/>martin.moravcik@telekom.sk<\/td><\/tr><tr><td>ZO \u010d. 98<\/td><td>Ingrid Bruncvikov\u00e1<\/td><td>SP, a.s.<\/td><td>0908 582 019<br \/>ingrid.dedi@gmail.com<\/td><\/tr><tr><td>ZO \u010d. 40<\/td><td>Ondrej Szab\u00f3<\/td><td>Towercom, a.s.<\/td><td>0902 185 950<br \/>ondrej.szabo@towercom.sk<\/td><\/tr><tr><td>ZO \u010d. 17<\/td><td>Martina Bez\u00e1kov\u00e1<\/td><td>Strabag p.f.s.<\/td><td>0904 378 438<br \/>martina.bezakova@strabag-pfs.sk<\/td><\/tr><\/tbody><\/table><\/figure>\n","protected":false},"excerpt":{"rendered":"<p>ZO \u010d. 17 Milan Brlej Predseda SOZ PT 0903 771 32602 4425 4101sozpt@outlook.com ZO \u010d. 17 Viola Csibov\u00e1 ST, a.s. 0903 408334viola.csibova@telekom.sk ZO \u010d. 17 Mari\u00e1n Bo\u0161ansk\u00fd ST, a.s. 0903 728 486marian.bosansky@telekom.sk ZO \u010d. 12 Miroslava Mrennov\u00e1 ST, a.s. 0914 700 770miroslava.mrennova@telekom.sk ZO \u010d. 17 Martin Morav\u010d\u00edk ST, a.s. 0902 719 875martin.moravcik@telekom.sk ZO \u010d. 98 <a href='https:\/\/www.sozpt.sk\/?page_id=53' class='excerpt-more'>[&#8230;]<\/a><\/p>\n","protected":false},"author":1,"featured_media":0,"parent":115,"menu_order":1,"comment_status":"closed","ping_status":"closed","template":"","meta":[],"_links":{"self":[{"href":"https:\/\/www.sozpt.sk\/index.php?rest_route=\/wp\/v2\/pages\/53"}],"collection":[{"href":"https:\/\/www.sozpt.sk\/index.php?rest_route=\/wp\/v2\/pages"}],"about":[{"href":"https:\/\/www.sozpt.sk\/index.php?rest_route=\/wp\/v2\/types\/page"}],"author":[{"embeddable":true,"href":"https:\/\/www.sozpt.sk\/index.php?rest_route=\/wp\/v2\/users\/1"}],"replies":[{"embeddable":true,"href":"https:\/\/www.sozpt.sk\/index.php?rest_route=%2Fwp%2Fv2%2Fcomments&post=53"}],"version-history":[{"count":22,"href":"https:\/\/www.sozpt.sk\/index.php?rest_route=\/wp\/v2\/pages\/53\/revisions"}],"predecessor-version":[{"id":390,"href":"https:\/\/www.sozpt.sk\/index.php?rest_route=\/wp\/v2\/pages\/53\/revisions\/390"}],"up":[{"embeddable":true,"href":"https:\/\/www.sozpt.sk\/index.php?rest_route=\/wp\/v2\/pages\/115"}],"wp:attachment":[{"href":"https:\/\/www.sozpt.sk\/index.php?rest_route=%2Fwp%2Fv2%2Fmedia&parent=53"}],"curies":[{"name":"wp","href":"https:\/\/api.w.org\/{rel}","templated":true}]}}