{"id":55,"date":"2012-08-19T21:36:59","date_gmt":"2012-08-19T19:36:59","guid":{"rendered":"http:\/\/sozpt.fyi.sk\/?page_id=55"},"modified":"2024-12-12T20:40:08","modified_gmt":"2024-12-12T18:40:08","slug":"predsednictvo-sozpt","status":"publish","type":"page","link":"https:\/\/www.sozpt.sk\/?page_id=55","title":{"rendered":"Predsedn\u00edctvo SOZPT"},"content":{"rendered":"\n<p><\/p>\n\n\n\n<figure class=\"wp-block-table is-style-regular\"><table><tbody><tr><td>ZO \u010d. 17<\/td><td>Milan Brlej<\/td><td>Predseda SOZ PT<\/td><td>0903 771 326<br \/>02 4425 4101<br \/>sozpt@outlook.com<\/td><\/tr><tr><td>ZO \u010d. 17<\/td><td>Viola Csibov\u00e1<\/td><td>ST, a.s.<\/td><td>0903 408 334<br \/>viola.csibova@telekom.sk<\/td><\/tr><tr><td>ZO \u010d. 40<\/td><td>Ondrej Szab\u00f3<\/td><td>Towercom, a.s.<\/td><td>0902 185 950<br \/>ondrej.szabo@towercom.sk<\/td><\/tr><tr><td>ZO \u010d. 17<\/td><td>Pavol P\u00f6s<\/td><td>ST, a.s.<\/td><td>0903 456 319<br \/>pavol.pos@telekom.sk<\/td><\/tr><tr><td>ZO \u010d. 98<\/td><td>Ingrid Bruncvikov\u00e1<\/td><td>SP, a.s.<\/td><td>0908 582 019<br \/>ingrid.dedi@gmail.com<\/td><\/tr><\/tbody><\/table><\/figure>\n\n\n\n<!--more-->\n\n\n\n<p><strong>Kore\u0161ponden\u010dn\u00e1 adresa:<\/strong><\/p>\n\n\n\n<address>SOZPT<\/address>\n\n\n\n<address>P.O.Box 52<br \/>830 03 &nbsp;Bratislava 33<\/address>\n\n\n\n<br \/><b>S\u00eddlo SOZPT:<\/b><br \/><address>Za kas\u00e1r\u0148ou 11, Bratislava &#8211; Nov\u00e9 Mesto<\/address>\n","protected":false},"excerpt":{"rendered":"<p>ZO \u010d. 17 Milan Brlej Predseda SOZ PT 0903 771 32602 4425 4101sozpt@outlook.com ZO \u010d. 17 Viola Csibov\u00e1 ST, a.s. 0903 408 334viola.csibova@telekom.sk ZO \u010d. 40 Ondrej Szab\u00f3 Towercom, a.s. 0902 185 950ondrej.szabo@towercom.sk ZO \u010d. 17 Pavol P\u00f6s ST, a.s. 0903 456 319pavol.pos@telekom.sk ZO \u010d. 98 Ingrid Bruncvikov\u00e1 SP, a.s. 0908 582 019ingrid.dedi@gmail.com<\/p>\n","protected":false},"author":1,"featured_media":0,"parent":115,"menu_order":0,"comment_status":"closed","ping_status":"closed","template":"","meta":[],"_links":{"self":[{"href":"https:\/\/www.sozpt.sk\/index.php?rest_route=\/wp\/v2\/pages\/55"}],"collection":[{"href":"https:\/\/www.sozpt.sk\/index.php?rest_route=\/wp\/v2\/pages"}],"about":[{"href":"https:\/\/www.sozpt.sk\/index.php?rest_route=\/wp\/v2\/types\/page"}],"author":[{"embeddable":true,"href":"https:\/\/www.sozpt.sk\/index.php?rest_route=\/wp\/v2\/users\/1"}],"replies":[{"embeddable":true,"href":"https:\/\/www.sozpt.sk\/index.php?rest_route=%2Fwp%2Fv2%2Fcomments&post=55"}],"version-history":[{"count":23,"href":"https:\/\/www.sozpt.sk\/index.php?rest_route=\/wp\/v2\/pages\/55\/revisions"}],"predecessor-version":[{"id":394,"href":"https:\/\/www.sozpt.sk\/index.php?rest_route=\/wp\/v2\/pages\/55\/revisions\/394"}],"up":[{"embeddable":true,"href":"https:\/\/www.sozpt.sk\/index.php?rest_route=\/wp\/v2\/pages\/115"}],"wp:attachment":[{"href":"https:\/\/www.sozpt.sk\/index.php?rest_route=%2Fwp%2Fv2%2Fmedia&parent=55"}],"curies":[{"name":"wp","href":"https:\/\/api.w.org\/{rel}","templated":true}]}}